{"id":76,"date":"2021-04-11T21:04:22","date_gmt":"2021-04-11T19:04:22","guid":{"rendered":"http:\/\/eco.a77.pl\/?page_id=76"},"modified":"2021-05-17T00:17:44","modified_gmt":"2021-05-16T22:17:44","slug":"sprzatanie-pobudowlane-magazyny-i-hale","status":"publish","type":"page","link":"https:\/\/marclear.pl\/?page_id=76","title":{"rendered":"Sprz\u0105tanie pobudowlane, magazyny i hale"},"content":{"rendered":"<p><!--themify_builder_static--><\/p>\n<h1>Sprz\u0105tanie pobudowlane<br \/><\/h1>\n<h3>Nie wszystko co nowe musi by\u0107 pi\u0119kne.<\/h3>\n<h3>Z nami czyste jest zawsze.<\/h3>\n<h3>Modernizacja, remont a tak\u017ce budowa. Mamy w tym do\u015bwiadczenie.<\/h3>\n<p><a href=\"\/kontakt\/\" > Problem? Zadzwo\u0144 lub napisz. <i><svg aria-hidden=\"true\"><use href=\"#tf-ti-hand-point-right\"><\/use><\/svg><\/i> <\/a><!--\/themify_builder_static--><\/p>\n<!-- AddThis Advanced Settings generic via filter on the_content --><!-- AddThis Share Buttons generic via filter on the_content -->","protected":false},"excerpt":{"rendered":"<p>Sprz\u0105tanie pobudowlane Nie wszystko co nowe musi by\u0107 pi\u0119kne. Z nami czyste jest zawsze. Modernizacja, remont a tak\u017ce budowa. Mamy w tym do\u015bwiadczenie. Problem? Zadzwo\u0144 lub napisz.<!-- AddThis Advanced Settings generic via filter on get_the_excerpt --><!-- AddThis Share Buttons generic via filter on get_the_excerpt --><\/p>\n","protected":false},"author":1,"featured_media":0,"parent":0,"menu_order":0,"comment_status":"closed","ping_status":"closed","template":"","meta":{"footnotes":""},"class_list":["post-76","page","type-page","status-publish","hentry","has-post-title","has-post-date","has-post-category","has-post-tag","has-post-comment","has-post-author",""],"_links":{"self":[{"href":"https:\/\/marclear.pl\/index.php?rest_route=\/wp\/v2\/pages\/76","targetHints":{"allow":["GET"]}}],"collection":[{"href":"https:\/\/marclear.pl\/index.php?rest_route=\/wp\/v2\/pages"}],"about":[{"href":"https:\/\/marclear.pl\/index.php?rest_route=\/wp\/v2\/types\/page"}],"author":[{"embeddable":true,"href":"https:\/\/marclear.pl\/index.php?rest_route=\/wp\/v2\/users\/1"}],"replies":[{"embeddable":true,"href":"https:\/\/marclear.pl\/index.php?rest_route=%2Fwp%2Fv2%2Fcomments&post=76"}],"version-history":[{"count":16,"href":"https:\/\/marclear.pl\/index.php?rest_route=\/wp\/v2\/pages\/76\/revisions"}],"predecessor-version":[{"id":519,"href":"https:\/\/marclear.pl\/index.php?rest_route=\/wp\/v2\/pages\/76\/revisions\/519"}],"wp:attachment":[{"href":"https:\/\/marclear.pl\/index.php?rest_route=%2Fwp%2Fv2%2Fmedia&parent=76"}],"curies":[{"name":"wp","href":"https:\/\/api.w.org\/{rel}","templated":true}]}}