{"id":397,"date":"2021-05-04T15:40:48","date_gmt":"2021-05-04T13:40:48","guid":{"rendered":"http:\/\/eco.a77.pl\/?page_id=397"},"modified":"2023-08-15T19:21:04","modified_gmt":"2023-08-15T17:21:04","slug":"o-nas","status":"publish","type":"page","link":"https:\/\/marclear.pl\/?page_id=397","title":{"rendered":"O nas"},"content":{"rendered":"<p><!--themify_builder_static--><\/p>\n<h1>O nas<br \/><\/h1>\n<p>Jeste\u015bmy firm\u0105, kt\u00f3ra od 2010 roku \u015bwiadczy na terenie ca\u0142ego kraju us\u0142ugi sprz\u0105tania, \u00a0bie\u017c\u0105cego utrzymania czysto\u015bci, dezynfekcji na terenie \u00a0biur, wsp\u00f3lnot mieszkaniowych, zak\u0142ad\u00f3w przemys\u0142owych, linii do produkcji \u017cywno\u015bci czy sortowni logistycznych.<\/p>\n<p>Specjalizujemy si\u0119 r\u00f3wnie\u017c w dzia\u0142aniach ekologicznych takich jak wsp\u00f3\u0142praca przy budowie i utrzymaniu w czysto\u015bci stacji \u0142adowania pojazd\u00f3w, wiatrak\u00f3w, czy farm solarnych.<\/p>\n<p> W tym zakresie certyfikowani jeste\u015bmy\u00a0 <strong><em>PN-EN ISO 14001: 2015-09<\/em><\/strong> , tworz\u0105c dla naszych Partner\u00f3w jako <strong>ECOLabel<\/strong>, \u00a0HUB do dzia\u0142a\u0144 pro-ekologicznych. \u00a0 Swoje us\u0142ugi \u015bwiadczymy dla przedsi\u0119biorstw krajowych jak i znanych korporacji mi\u0119dzynarodowych.<br \/>\n<!--\/themify_builder_static--><\/p>\n<!-- AddThis Advanced Settings generic via filter on the_content --><!-- AddThis Share Buttons generic via filter on the_content -->","protected":false},"excerpt":{"rendered":"<p>O nas Jeste\u015bmy firm\u0105, kt\u00f3ra od 2010 roku \u015bwiadczy na terenie ca\u0142ego kraju us\u0142ugi sprz\u0105tania, \u00a0bie\u017c\u0105cego utrzymania czysto\u015bci, dezynfekcji na terenie \u00a0biur, wsp\u00f3lnot mieszkaniowych, zak\u0142ad\u00f3w przemys\u0142owych, linii do produkcji \u017cywno\u015bci czy sortowni logistycznych. Specjalizujemy si\u0119 r\u00f3wnie\u017c w dzia\u0142aniach ekologicznych takich jak wsp\u00f3\u0142praca przy budowie i utrzymaniu w czysto\u015bci stacji \u0142adowania pojazd\u00f3w, wiatrak\u00f3w, czy farm solarnych. [&hellip;]<!-- AddThis Advanced Settings generic via filter on get_the_excerpt --><!-- AddThis Share Buttons generic via filter on get_the_excerpt --><\/p>\n","protected":false},"author":1,"featured_media":0,"parent":0,"menu_order":0,"comment_status":"closed","ping_status":"closed","template":"","meta":{"footnotes":""},"class_list":["post-397","page","type-page","status-publish","hentry","has-post-title","has-post-date","has-post-category","has-post-tag","has-post-comment","has-post-author",""],"_links":{"self":[{"href":"https:\/\/marclear.pl\/index.php?rest_route=\/wp\/v2\/pages\/397","targetHints":{"allow":["GET"]}}],"collection":[{"href":"https:\/\/marclear.pl\/index.php?rest_route=\/wp\/v2\/pages"}],"about":[{"href":"https:\/\/marclear.pl\/index.php?rest_route=\/wp\/v2\/types\/page"}],"author":[{"embeddable":true,"href":"https:\/\/marclear.pl\/index.php?rest_route=\/wp\/v2\/users\/1"}],"replies":[{"embeddable":true,"href":"https:\/\/marclear.pl\/index.php?rest_route=%2Fwp%2Fv2%2Fcomments&post=397"}],"version-history":[{"count":11,"href":"https:\/\/marclear.pl\/index.php?rest_route=\/wp\/v2\/pages\/397\/revisions"}],"predecessor-version":[{"id":541,"href":"https:\/\/marclear.pl\/index.php?rest_route=\/wp\/v2\/pages\/397\/revisions\/541"}],"wp:attachment":[{"href":"https:\/\/marclear.pl\/index.php?rest_route=%2Fwp%2Fv2%2Fmedia&parent=397"}],"curies":[{"name":"wp","href":"https:\/\/api.w.org\/{rel}","templated":true}]}}