{"id":140,"date":"2021-04-12T14:21:50","date_gmt":"2021-04-12T12:21:50","guid":{"rendered":"http:\/\/eco.a77.pl\/?page_id=140"},"modified":"2025-11-25T17:43:56","modified_gmt":"2025-11-25T16:43:56","slug":"dezynfekcja","status":"publish","type":"page","link":"https:\/\/marclear.pl\/?page_id=140","title":{"rendered":"Dezynfekcja"},"content":{"rendered":"<p><!--themify_builder_static--><\/p>\n<h1>Dezynfekcja<br \/><\/h1>\n<h3>Strach nie \u015bpi &#8211; my tak\u017ce.<\/h3>\n<h3>O bezpiecze\u0144stwo dbamy przez ca\u0142\u0105 dob\u0119.<\/h3>\n<h3>Zapewniamy wsparcie na teranie ca\u0142ego kraju, o ka\u017cdej porze.<\/h3>\n<p><!--\/themify_builder_static--><\/p>\n<!-- AddThis Advanced Settings generic via filter on the_content --><!-- AddThis Share Buttons generic via filter on the_content -->","protected":false},"excerpt":{"rendered":"<p>Dezynfekcja Strach nie \u015bpi &#8211; my tak\u017ce. O bezpiecze\u0144stwo dbamy przez ca\u0142\u0105 dob\u0119. Zapewniamy wsparcie na teranie ca\u0142ego kraju, o ka\u017cdej porze.<!-- AddThis Advanced Settings generic via filter on get_the_excerpt --><!-- AddThis Share Buttons generic via filter on get_the_excerpt --><\/p>\n","protected":false},"author":1,"featured_media":0,"parent":0,"menu_order":0,"comment_status":"closed","ping_status":"closed","template":"","meta":{"footnotes":""},"class_list":["post-140","page","type-page","status-publish","hentry","has-post-title","has-post-date","has-post-category","has-post-tag","has-post-comment","has-post-author",""],"_links":{"self":[{"href":"https:\/\/marclear.pl\/index.php?rest_route=\/wp\/v2\/pages\/140","targetHints":{"allow":["GET"]}}],"collection":[{"href":"https:\/\/marclear.pl\/index.php?rest_route=\/wp\/v2\/pages"}],"about":[{"href":"https:\/\/marclear.pl\/index.php?rest_route=\/wp\/v2\/types\/page"}],"author":[{"embeddable":true,"href":"https:\/\/marclear.pl\/index.php?rest_route=\/wp\/v2\/users\/1"}],"replies":[{"embeddable":true,"href":"https:\/\/marclear.pl\/index.php?rest_route=%2Fwp%2Fv2%2Fcomments&post=140"}],"version-history":[{"count":7,"href":"https:\/\/marclear.pl\/index.php?rest_route=\/wp\/v2\/pages\/140\/revisions"}],"predecessor-version":[{"id":590,"href":"https:\/\/marclear.pl\/index.php?rest_route=\/wp\/v2\/pages\/140\/revisions\/590"}],"wp:attachment":[{"href":"https:\/\/marclear.pl\/index.php?rest_route=%2Fwp%2Fv2%2Fmedia&parent=140"}],"curies":[{"name":"wp","href":"https:\/\/api.w.org\/{rel}","templated":true}]}}