{"id":136,"date":"2021-04-12T14:21:24","date_gmt":"2021-04-12T12:21:24","guid":{"rendered":"http:\/\/eco.a77.pl\/?page_id=136"},"modified":"2021-05-17T00:10:09","modified_gmt":"2021-05-16T22:10:09","slug":"mycie-elewacji-i-szkla","status":"publish","type":"page","link":"https:\/\/marclear.pl\/?page_id=136","title":{"rendered":"Mycie Elewacji i szk\u0142a"},"content":{"rendered":"<p><!--themify_builder_static--><\/p>\n<h1>Mycie Elewacji i szk\u0142a<br \/><\/h1>\n<h3>Nie obronimy Ci\u0119 przed spojrzeniami ciekawskich,<\/h3>\n<h3>ale sprawimy, \u017ce ciekawiej spojrzysz na innych.<\/h3>\n<h3>Czy\u015bcimy powierzchnie szklane wewn\u0105trz budynk\u00f3w do elewacji zewn\u0119trznych.<\/h3>\n<p><a href=\"\/kontakt\/\" > Problem? Zadzwo\u0144 lub napisz. <i><svg aria-hidden=\"true\"><use href=\"#tf-ti-hand-point-right\"><\/use><\/svg><\/i> <\/a><!--\/themify_builder_static--><\/p>\n<!-- AddThis Advanced Settings generic via filter on the_content --><!-- AddThis Share Buttons generic via filter on the_content -->","protected":false},"excerpt":{"rendered":"<p>Mycie Elewacji i szk\u0142a Nie obronimy Ci\u0119 przed spojrzeniami ciekawskich, ale sprawimy, \u017ce ciekawiej spojrzysz na innych. Czy\u015bcimy powierzchnie szklane wewn\u0105trz budynk\u00f3w do elewacji zewn\u0119trznych. Problem? Zadzwo\u0144 lub napisz.<!-- AddThis Advanced Settings generic via filter on get_the_excerpt --><!-- AddThis Share Buttons generic via filter on get_the_excerpt --><\/p>\n","protected":false},"author":1,"featured_media":0,"parent":0,"menu_order":0,"comment_status":"closed","ping_status":"closed","template":"","meta":{"footnotes":""},"class_list":["post-136","page","type-page","status-publish","hentry","has-post-title","has-post-date","has-post-category","has-post-tag","has-post-comment","has-post-author",""],"_links":{"self":[{"href":"https:\/\/marclear.pl\/index.php?rest_route=\/wp\/v2\/pages\/136","targetHints":{"allow":["GET"]}}],"collection":[{"href":"https:\/\/marclear.pl\/index.php?rest_route=\/wp\/v2\/pages"}],"about":[{"href":"https:\/\/marclear.pl\/index.php?rest_route=\/wp\/v2\/types\/page"}],"author":[{"embeddable":true,"href":"https:\/\/marclear.pl\/index.php?rest_route=\/wp\/v2\/users\/1"}],"replies":[{"embeddable":true,"href":"https:\/\/marclear.pl\/index.php?rest_route=%2Fwp%2Fv2%2Fcomments&post=136"}],"version-history":[{"count":6,"href":"https:\/\/marclear.pl\/index.php?rest_route=\/wp\/v2\/pages\/136\/revisions"}],"predecessor-version":[{"id":515,"href":"https:\/\/marclear.pl\/index.php?rest_route=\/wp\/v2\/pages\/136\/revisions\/515"}],"wp:attachment":[{"href":"https:\/\/marclear.pl\/index.php?rest_route=%2Fwp%2Fv2%2Fmedia&parent=136"}],"curies":[{"name":"wp","href":"https:\/\/api.w.org\/{rel}","templated":true}]}}