{"id":132,"date":"2021-04-12T14:20:58","date_gmt":"2021-04-12T12:20:58","guid":{"rendered":"http:\/\/eco.a77.pl\/?page_id=132"},"modified":"2021-05-17T00:22:03","modified_gmt":"2021-05-16T22:22:03","slug":"zaklady-pracy-i-linie-technologiczne","status":"publish","type":"page","link":"https:\/\/marclear.pl\/?page_id=132","title":{"rendered":"Zak\u0142ady pracy i linie technologiczne"},"content":{"rendered":"<p><!--themify_builder_static--><\/p>\n<h1>Zak\u0142ady pracy<br \/>i linie technologiczne<\/h1>\n<h3>Najbardziej skomplikowane linie technologiczne, magazyny wysokiego sk\u0142adowania, automatyka przemys\u0142owa. Nawet gdy pracuj\u0105 w ruchu ci\u0105g\u0142ym nie s\u0105 dla nas zagadk\u0105.<\/h3>\n<h3>Sprz\u0105tniemy je.<\/h3>\n<p><a href=\"\/kontakt\/\" > Problem? Zadzwo\u0144 lub napisz. <i><svg aria-hidden=\"true\"><use href=\"#tf-ti-hand-point-right\"><\/use><\/svg><\/i> <\/a><!--\/themify_builder_static--><\/p>\n<!-- AddThis Advanced Settings generic via filter on the_content --><!-- AddThis Share Buttons generic via filter on the_content -->","protected":false},"excerpt":{"rendered":"<p>Zak\u0142ady pracyi linie technologiczne Najbardziej skomplikowane linie technologiczne, magazyny wysokiego sk\u0142adowania, automatyka przemys\u0142owa. Nawet gdy pracuj\u0105 w ruchu ci\u0105g\u0142ym nie s\u0105 dla nas zagadk\u0105. Sprz\u0105tniemy je. Problem? Zadzwo\u0144 lub napisz.<!-- AddThis Advanced Settings generic via filter on get_the_excerpt --><!-- AddThis Share Buttons generic via filter on get_the_excerpt --><\/p>\n","protected":false},"author":1,"featured_media":0,"parent":0,"menu_order":0,"comment_status":"closed","ping_status":"closed","template":"","meta":{"footnotes":""},"class_list":["post-132","page","type-page","status-publish","hentry","has-post-title","has-post-date","has-post-category","has-post-tag","has-post-comment","has-post-author",""],"_links":{"self":[{"href":"https:\/\/marclear.pl\/index.php?rest_route=\/wp\/v2\/pages\/132","targetHints":{"allow":["GET"]}}],"collection":[{"href":"https:\/\/marclear.pl\/index.php?rest_route=\/wp\/v2\/pages"}],"about":[{"href":"https:\/\/marclear.pl\/index.php?rest_route=\/wp\/v2\/types\/page"}],"author":[{"embeddable":true,"href":"https:\/\/marclear.pl\/index.php?rest_route=\/wp\/v2\/users\/1"}],"replies":[{"embeddable":true,"href":"https:\/\/marclear.pl\/index.php?rest_route=%2Fwp%2Fv2%2Fcomments&post=132"}],"version-history":[{"count":5,"href":"https:\/\/marclear.pl\/index.php?rest_route=\/wp\/v2\/pages\/132\/revisions"}],"predecessor-version":[{"id":523,"href":"https:\/\/marclear.pl\/index.php?rest_route=\/wp\/v2\/pages\/132\/revisions\/523"}],"wp:attachment":[{"href":"https:\/\/marclear.pl\/index.php?rest_route=%2Fwp%2Fv2%2Fmedia&parent=132"}],"curies":[{"name":"wp","href":"https:\/\/api.w.org\/{rel}","templated":true}]}}