{"id":130,"date":"2021-04-12T14:20:39","date_gmt":"2021-04-12T12:20:39","guid":{"rendered":"http:\/\/eco.a77.pl\/?page_id=130"},"modified":"2021-05-17T00:19:39","modified_gmt":"2021-05-16T22:19:39","slug":"wspolnoty-i-spoldzielnie-mieszkaniowe","status":"publish","type":"page","link":"https:\/\/marclear.pl\/?page_id=130","title":{"rendered":"Wsp\u00f3lnoty i sp\u00f3\u0142dzielnie mieszkaniowe"},"content":{"rendered":"<p><!--themify_builder_static--><\/p>\n<h1>Wsp\u00f3lnoty<br \/>i sp\u00f3\u0142dzielnie mieszkaniowe<\/h1>\n<h3>Nawet je\u015bli czujesz si\u0119 anonimowym.<\/h3>\n<h4>Zadbamy, by\u015b poczu\u0142 si\u0119 wyj\u0105tkowo.<\/h4>\n<h3>Zadbamy o czysto\u015b\u0107 wewn\u0105trz klatek, wind, pomieszcze\u0144 wsp\u00f3lnych, jak i o koszenie trawnika, czy utrzymanie terenu zielonego<\/h3>\n<p><a href=\"\/kontakt\/\" > Problem? Zadzwo\u0144 lub napisz. <i><svg aria-hidden=\"true\"><use href=\"#tf-ti-hand-point-right\"><\/use><\/svg><\/i> <\/a><!--\/themify_builder_static--><\/p>\n<!-- AddThis Advanced Settings generic via filter on the_content --><!-- AddThis Share Buttons generic via filter on the_content -->","protected":false},"excerpt":{"rendered":"<p>Wsp\u00f3lnotyi sp\u00f3\u0142dzielnie mieszkaniowe Nawet je\u015bli czujesz si\u0119 anonimowym. Zadbamy, by\u015b poczu\u0142 si\u0119 wyj\u0105tkowo. Zadbamy o czysto\u015b\u0107 wewn\u0105trz klatek, wind, pomieszcze\u0144 wsp\u00f3lnych, jak i o koszenie trawnika, czy utrzymanie terenu zielonego Problem? Zadzwo\u0144 lub napisz.<!-- AddThis Advanced Settings generic via filter on get_the_excerpt --><!-- AddThis Share Buttons generic via filter on get_the_excerpt --><\/p>\n","protected":false},"author":1,"featured_media":0,"parent":0,"menu_order":0,"comment_status":"closed","ping_status":"closed","template":"","meta":{"footnotes":""},"class_list":["post-130","page","type-page","status-publish","hentry","has-post-title","has-post-date","has-post-category","has-post-tag","has-post-comment","has-post-author",""],"_links":{"self":[{"href":"https:\/\/marclear.pl\/index.php?rest_route=\/wp\/v2\/pages\/130","targetHints":{"allow":["GET"]}}],"collection":[{"href":"https:\/\/marclear.pl\/index.php?rest_route=\/wp\/v2\/pages"}],"about":[{"href":"https:\/\/marclear.pl\/index.php?rest_route=\/wp\/v2\/types\/page"}],"author":[{"embeddable":true,"href":"https:\/\/marclear.pl\/index.php?rest_route=\/wp\/v2\/users\/1"}],"replies":[{"embeddable":true,"href":"https:\/\/marclear.pl\/index.php?rest_route=%2Fwp%2Fv2%2Fcomments&post=130"}],"version-history":[{"count":24,"href":"https:\/\/marclear.pl\/index.php?rest_route=\/wp\/v2\/pages\/130\/revisions"}],"predecessor-version":[{"id":522,"href":"https:\/\/marclear.pl\/index.php?rest_route=\/wp\/v2\/pages\/130\/revisions\/522"}],"wp:attachment":[{"href":"https:\/\/marclear.pl\/index.php?rest_route=%2Fwp%2Fv2%2Fmedia&parent=130"}],"curies":[{"name":"wp","href":"https:\/\/api.w.org\/{rel}","templated":true}]}}